{"id":67,"date":"2023-06-23T15:32:22","date_gmt":"2023-06-23T13:32:22","guid":{"rendered":"https:\/\/www.aluri.sk\/?post_type=product&#038;p=67"},"modified":"2023-09-22T09:50:00","modified_gmt":"2023-09-22T07:50:00","slug":"novus-j-055","status":"publish","type":"product","link":"https:\/\/www.aluri.sk\/index.php\/produkt\/novus-j-055\/","title":{"rendered":"NOVUS J-055"},"content":{"rendered":"<p><span style=\"font-weight: 400; font-family: 'arial black', 'avant garde';\">PROFESION\u00c1LNA KLADIVOV\u00c1 SPONKOVA\u010cKA PRE NEPRETR\u017dIT\u00c9 POU\u017d\u00cdVANIE PRE STRECH\u00c1ROV A STAVBY.<\/span><\/p>\n<p><span style=\"font-weight: 400; font-family: 'arial black', 'avant garde';\">ZOSIL\u0147OVA\u010c \u00daDERU VLASTNOU V\u00c1HOU V\u010eAKA \u0164A\u017dISKU V PREDNEJ \u010cASTI<\/span><\/p>\n<p><span style=\"font-weight: 400; font-family: 'arial black', 'avant garde';\">ROZMERY : 312X49X102 MM<\/span><\/p>\n<p><span style=\"font-weight: 400; font-family: 'arial black', 'avant garde';\">SPINKY NOVUS TYP G 11\/6-14MM<\/span><\/p>\n<p><span style=\"font-weight: 400; font-family: 'arial black', 'avant garde';\">Z\u00c1RUKAY 2 ROKY<\/span><\/p>\n<p>&nbsp;<\/p>\n","protected":false},"excerpt":{"rendered":"<p>PROFESION\u00c1LNA KLADIVOV\u00c1 SPONKOVA\u010cKA PRE NEPRETR\u017dIT\u00c9 POU\u017d\u00cdVANIE PRE STRECH\u00c1ROV A STAVBY. ZOSIL\u0147OVA\u010c \u00daDERU VLASTNOU V\u00c1HOU V\u010eAKA \u0164A\u017dISKU V PREDNEJ \u010cASTI ROZMERY : 312X49X102 MM SPINKY NOVUS TYP G 11\/6-14MM Z\u00c1RUKAY 2 ROKY &nbsp;<\/p>\n","protected":false},"featured_media":108,"comment_status":"open","ping_status":"closed","template":"","meta":[],"product_cat":[24],"product_tag":[],"class_list":{"0":"post-67","1":"product","2":"type-product","3":"status-publish","4":"has-post-thumbnail","6":"product_cat-kladivove-sponkovacky","8":"first","9":"instock","10":"taxable","11":"shipping-taxable","12":"purchasable","13":"product-type-simple"},"jetpack_sharing_enabled":true,"_links":{"self":[{"href":"https:\/\/www.aluri.sk\/index.php\/wp-json\/wp\/v2\/product\/67","targetHints":{"allow":["GET"]}}],"collection":[{"href":"https:\/\/www.aluri.sk\/index.php\/wp-json\/wp\/v2\/product"}],"about":[{"href":"https:\/\/www.aluri.sk\/index.php\/wp-json\/wp\/v2\/types\/product"}],"replies":[{"embeddable":true,"href":"https:\/\/www.aluri.sk\/index.php\/wp-json\/wp\/v2\/comments?post=67"}],"wp:featuredmedia":[{"embeddable":true,"href":"https:\/\/www.aluri.sk\/index.php\/wp-json\/wp\/v2\/media\/108"}],"wp:attachment":[{"href":"https:\/\/www.aluri.sk\/index.php\/wp-json\/wp\/v2\/media?parent=67"}],"wp:term":[{"taxonomy":"product_cat","embeddable":true,"href":"https:\/\/www.aluri.sk\/index.php\/wp-json\/wp\/v2\/product_cat?post=67"},{"taxonomy":"product_tag","embeddable":true,"href":"https:\/\/www.aluri.sk\/index.php\/wp-json\/wp\/v2\/product_tag?post=67"}],"curies":[{"name":"wp","href":"https:\/\/api.w.org\/{rel}","templated":true}]}}