{"id":388,"date":"2023-06-28T11:56:43","date_gmt":"2023-06-28T09:56:43","guid":{"rendered":"https:\/\/www.aluri.sk\/?post_type=product&#038;p=388"},"modified":"2026-05-03T12:30:38","modified_gmt":"2026-05-03T10:30:38","slug":"haaga-497-profi","status":"publish","type":"product","link":"https:\/\/www.aluri.sk\/index.php\/produkt\/haaga-497-profi\/","title":{"rendered":"HAAGA 497 PROFI"},"content":{"rendered":"<p><span style=\"font-family: 'arial black', 'avant garde';\"><b>ZAMETAC\u00cd STROJ NA KOMER\u010cN\u00c9 POU\u017dITIE PRE VE\u013dK\u00c9 PLOCHY A\u017d DO PRIBLI\u017dNE 2 000 M\u00b2, AKO S\u00da \u010cERPACIE STANICE, DIELNE, PARKOVISK\u00c1. NAJLEP\u0160\u00cd ZAMETAC\u00cd V\u00ddKON, EFEKT\u00cdVNE ZAMETANIE: S TURBO ZAMETAC\u00cdM SYST\u00c9MOM, V\u00ddKON ZAMETANIA 3 600 M\u00b2 \/ H, OBJEM N\u00c1DOBY 50 LITROV, S OBOJSTRANNE VY\u010cNIEVAJ\u00daCIMI DISKOV\u00ddMI METLAMI, S JEDNOSTRANN\u00ddM BO\u010cN\u00ddM VALCOM, PLYNUL\u00c9 NASTAVENIE V\u00dd\u0160KY, 4-RO\u010cN\u00c1 Z\u00c1RUKA NA OPOTREBOVANIE KEFIEK.<\/b><\/span><\/p>\n","protected":false},"excerpt":{"rendered":"<p>ZAMETAC\u00cd STROJ NA KOMER\u010cN\u00c9 POU\u017dITIE PRE VE\u013dK\u00c9 PLOCHY A\u017d DO PRIBLI\u017dNE 2 000 M\u00b2, AKO S\u00da \u010cERPACIE STANICE, DIELNE, PARKOVISK\u00c1. NAJLEP\u0160\u00cd ZAMETAC\u00cd V\u00ddKON, EFEKT\u00cdVNE ZAMETANIE: S TURBO ZAMETAC\u00cdM SYST\u00c9MOM, V\u00ddKON ZAMETANIA 3 600 M\u00b2 \/ H, OBJEM N\u00c1DOBY 50 LITROV, S OBOJSTRANNE VY\u010cNIEVAJ\u00daCIMI DISKOV\u00ddMI METLAMI, S JEDNOSTRANN\u00ddM BO\u010cN\u00ddM VALCOM, PLYNUL\u00c9 NASTAVENIE V\u00dd\u0160KY, 4-RO\u010cN\u00c1 Z\u00c1RUKA NA [&hellip;]<\/p>\n","protected":false},"featured_media":389,"comment_status":"open","ping_status":"closed","template":"","meta":[],"product_cat":[32],"product_tag":[],"class_list":{"0":"post-388","1":"product","2":"type-product","3":"status-publish","4":"has-post-thumbnail","6":"product_cat-zametacie-stroje","8":"first","9":"instock","10":"taxable","11":"shipping-taxable","12":"purchasable","13":"product-type-simple"},"jetpack_sharing_enabled":true,"_links":{"self":[{"href":"https:\/\/www.aluri.sk\/index.php\/wp-json\/wp\/v2\/product\/388","targetHints":{"allow":["GET"]}}],"collection":[{"href":"https:\/\/www.aluri.sk\/index.php\/wp-json\/wp\/v2\/product"}],"about":[{"href":"https:\/\/www.aluri.sk\/index.php\/wp-json\/wp\/v2\/types\/product"}],"replies":[{"embeddable":true,"href":"https:\/\/www.aluri.sk\/index.php\/wp-json\/wp\/v2\/comments?post=388"}],"wp:featuredmedia":[{"embeddable":true,"href":"https:\/\/www.aluri.sk\/index.php\/wp-json\/wp\/v2\/media\/389"}],"wp:attachment":[{"href":"https:\/\/www.aluri.sk\/index.php\/wp-json\/wp\/v2\/media?parent=388"}],"wp:term":[{"taxonomy":"product_cat","embeddable":true,"href":"https:\/\/www.aluri.sk\/index.php\/wp-json\/wp\/v2\/product_cat?post=388"},{"taxonomy":"product_tag","embeddable":true,"href":"https:\/\/www.aluri.sk\/index.php\/wp-json\/wp\/v2\/product_tag?post=388"}],"curies":[{"name":"wp","href":"https:\/\/api.w.org\/{rel}","templated":true}]}}