{"id":381,"date":"2023-06-28T11:35:08","date_gmt":"2023-06-28T09:35:08","guid":{"rendered":"https:\/\/www.aluri.sk\/?post_type=product&#038;p=381"},"modified":"2023-09-13T09:59:27","modified_gmt":"2023-09-13T07:59:27","slug":"haaga-375","status":"publish","type":"product","link":"https:\/\/www.aluri.sk\/index.php\/produkt\/haaga-375\/","title":{"rendered":"HAAGA 375"},"content":{"rendered":"<p><span style=\"font-family: 'arial black', 'avant garde';\"><b>ZAMETAC\u00cd STROJ NA PR\u00cdLE\u017dITOSTN\u00c9 POU\u017dITIE PRE STREDNE VE\u013dK\u00c9 PLOCHY DO CCA 1000 M\u00b2, NAPR\u00cdKLAD \u010cERPACIE STANICE, DIELNE, PARKOVISK\u00c1. S TURBO ZAMETAC\u00cdM SYST\u00c9MOM, ZAMETAC\u00cd V\u00ddKON 2 900 M\u00b2\/H, OBJEM N\u00c1DOBY 50 LITROV, S OBOJSTRANNE VY\u010cNIEVAJ\u00daCIMI KOT\u00da\u010cOV\u00ddMI KEFAMI, PLYNUL\u00c9 NASTAVENIE V\u00dd\u0160KY, 4-RO\u010cN\u00c1 Z\u00c1RUKA NA OPOTREBOVANIE KIEF. ZAMETANIE KOBERCOV: VHODN\u00c9 NA ZAMETANIE VEL\u00daROV\u00ddCH KOBERCOV ALEBO KOBERCOV S N\u00cdZKYM VLASOM. \u010cI U\u017d V TENISOV\u00ddCH HAL\u00c1CH, KIN\u00c1CH, HOTELOCH A IN\u00ddCH VESTIBULOCH ALEBO V\u00ddSTAVN\u00ddCH ST\u00c1NKOCH. \u0160\u00cdRKA ZAMETANIA JE 75 CM.<\/b><\/span><\/p>\n","protected":false},"excerpt":{"rendered":"<p>ZAMETAC\u00cd STROJ NA PR\u00cdLE\u017dITOSTN\u00c9 POU\u017dITIE PRE STREDNE VE\u013dK\u00c9 PLOCHY DO CCA 1000 M\u00b2, NAPR\u00cdKLAD \u010cERPACIE STANICE, DIELNE, PARKOVISK\u00c1. S TURBO ZAMETAC\u00cdM SYST\u00c9MOM, ZAMETAC\u00cd V\u00ddKON 2 900 M\u00b2\/H, OBJEM N\u00c1DOBY 50 LITROV, S OBOJSTRANNE VY\u010cNIEVAJ\u00daCIMI KOT\u00da\u010cOV\u00ddMI KEFAMI, PLYNUL\u00c9 NASTAVENIE V\u00dd\u0160KY, 4-RO\u010cN\u00c1 Z\u00c1RUKA NA OPOTREBOVANIE KIEF. ZAMETANIE KOBERCOV: VHODN\u00c9 NA ZAMETANIE VEL\u00daROV\u00ddCH KOBERCOV ALEBO KOBERCOV S N\u00cdZKYM [&hellip;]<\/p>\n","protected":false},"featured_media":382,"comment_status":"open","ping_status":"closed","template":"","meta":[],"product_cat":[32],"product_tag":[],"class_list":{"0":"post-381","1":"product","2":"type-product","3":"status-publish","4":"has-post-thumbnail","6":"product_cat-zametacie-stroje","8":"first","9":"instock","10":"taxable","11":"shipping-taxable","12":"purchasable","13":"product-type-simple"},"jetpack_sharing_enabled":true,"_links":{"self":[{"href":"https:\/\/www.aluri.sk\/index.php\/wp-json\/wp\/v2\/product\/381","targetHints":{"allow":["GET"]}}],"collection":[{"href":"https:\/\/www.aluri.sk\/index.php\/wp-json\/wp\/v2\/product"}],"about":[{"href":"https:\/\/www.aluri.sk\/index.php\/wp-json\/wp\/v2\/types\/product"}],"replies":[{"embeddable":true,"href":"https:\/\/www.aluri.sk\/index.php\/wp-json\/wp\/v2\/comments?post=381"}],"wp:featuredmedia":[{"embeddable":true,"href":"https:\/\/www.aluri.sk\/index.php\/wp-json\/wp\/v2\/media\/382"}],"wp:attachment":[{"href":"https:\/\/www.aluri.sk\/index.php\/wp-json\/wp\/v2\/media?parent=381"}],"wp:term":[{"taxonomy":"product_cat","embeddable":true,"href":"https:\/\/www.aluri.sk\/index.php\/wp-json\/wp\/v2\/product_cat?post=381"},{"taxonomy":"product_tag","embeddable":true,"href":"https:\/\/www.aluri.sk\/index.php\/wp-json\/wp\/v2\/product_tag?post=381"}],"curies":[{"name":"wp","href":"https:\/\/api.w.org\/{rel}","templated":true}]}}