{"id":358,"date":"2023-06-28T09:39:41","date_gmt":"2023-06-28T07:39:41","guid":{"rendered":"https:\/\/www.aluri.sk\/?post_type=product&#038;p=358"},"modified":"2023-09-12T14:15:05","modified_gmt":"2023-09-12T12:15:05","slug":"starmix-uclean-ld-1445-wet","status":"publish","type":"product","link":"https:\/\/www.aluri.sk\/index.php\/produkt\/starmix-uclean-ld-1445-wet\/","title":{"rendered":"STARMIX UCLEAN LD-1445 &#8220;WET&#8221;"},"content":{"rendered":"<p><span style=\"font-family: 'arial black', 'avant garde';\"><b>PRIEMYSELN\u00c9 VYS\u00c1VA\u010cE RADU UCLEAN \u0160PECI\u00c1LNE NA VYS\u00c1VANIE TEKUT\u00cdN. NA POU\u017dITIE V BUDOV\u00c1CH, GAR\u00c1\u017dACH, V DOM\u00c1CNOSTI AT\u010e. NASAT\u00c1 VODA SA VYPUST\u00cd\u00a0 POMOCOU ODTOKOVEJ HADICE NA SPODNEJ STRANE N\u00c1DOBY. VYBAVEN\u00dd OPTIM\u00c1LNYM PR\u00cdSLU\u0160ENSTVOM, PRIPRAVEN\u00ddM ZA\u010cA\u0164 NAS\u00c1VA\u0164 VODU. U\u017d\u00cdVATE\u013dSKY PR\u00cdVETIV\u00dd V\u010eAKA VE\u013dK\u00c9MU NO\u017dN\u00c9MU SP\u00cdNA\u010cU NA ZAP\u00cdNANIE A VYP\u00cdNANIE. V\u010eAKA VE\u013dK\u00ddM POGUMOVAN\u00ddM KOLIESKAM JE VYS\u00c1VA\u010c MOBILN\u00dd. S NAJLEP\u0160\u00cdM NAV\u00ddJAN\u00cdM HADICE\u00a0 NA TRHU A FIX\u00c1CIOU KONEKTORA. VHODN\u00dd AJ NA CHEMICK\u00c9 \u010cISTENIE S FILTRA\u010cNOU VLO\u017dKOU.<\/b><\/span><\/p>\n","protected":false},"excerpt":{"rendered":"<p>PRIEMYSELN\u00c9 VYS\u00c1VA\u010cE RADU UCLEAN \u0160PECI\u00c1LNE NA VYS\u00c1VANIE TEKUT\u00cdN. NA POU\u017dITIE V BUDOV\u00c1CH, GAR\u00c1\u017dACH, V DOM\u00c1CNOSTI AT\u010e. NASAT\u00c1 VODA SA VYPUST\u00cd\u00a0 POMOCOU ODTOKOVEJ HADICE NA SPODNEJ STRANE N\u00c1DOBY. VYBAVEN\u00dd OPTIM\u00c1LNYM PR\u00cdSLU\u0160ENSTVOM, PRIPRAVEN\u00ddM ZA\u010cA\u0164 NAS\u00c1VA\u0164 VODU. U\u017d\u00cdVATE\u013dSKY PR\u00cdVETIV\u00dd V\u010eAKA VE\u013dK\u00c9MU NO\u017dN\u00c9MU SP\u00cdNA\u010cU NA ZAP\u00cdNANIE A VYP\u00cdNANIE. V\u010eAKA VE\u013dK\u00ddM POGUMOVAN\u00ddM KOLIESKAM JE VYS\u00c1VA\u010c MOBILN\u00dd. S NAJLEP\u0160\u00cdM NAV\u00ddJAN\u00cdM HADICE\u00a0 [&hellip;]<\/p>\n","protected":false},"featured_media":359,"comment_status":"open","ping_status":"closed","template":"","meta":[],"product_cat":[31],"product_tag":[],"class_list":{"0":"post-358","1":"product","2":"type-product","3":"status-publish","4":"has-post-thumbnail","6":"product_cat-priemyselne-vysavace","8":"first","9":"instock","10":"taxable","11":"shipping-taxable","12":"purchasable","13":"product-type-simple"},"jetpack_sharing_enabled":true,"_links":{"self":[{"href":"https:\/\/www.aluri.sk\/index.php\/wp-json\/wp\/v2\/product\/358","targetHints":{"allow":["GET"]}}],"collection":[{"href":"https:\/\/www.aluri.sk\/index.php\/wp-json\/wp\/v2\/product"}],"about":[{"href":"https:\/\/www.aluri.sk\/index.php\/wp-json\/wp\/v2\/types\/product"}],"replies":[{"embeddable":true,"href":"https:\/\/www.aluri.sk\/index.php\/wp-json\/wp\/v2\/comments?post=358"}],"wp:featuredmedia":[{"embeddable":true,"href":"https:\/\/www.aluri.sk\/index.php\/wp-json\/wp\/v2\/media\/359"}],"wp:attachment":[{"href":"https:\/\/www.aluri.sk\/index.php\/wp-json\/wp\/v2\/media?parent=358"}],"wp:term":[{"taxonomy":"product_cat","embeddable":true,"href":"https:\/\/www.aluri.sk\/index.php\/wp-json\/wp\/v2\/product_cat?post=358"},{"taxonomy":"product_tag","embeddable":true,"href":"https:\/\/www.aluri.sk\/index.php\/wp-json\/wp\/v2\/product_tag?post=358"}],"curies":[{"name":"wp","href":"https:\/\/api.w.org\/{rel}","templated":true}]}}