{"id":344,"date":"2023-06-28T09:05:06","date_gmt":"2023-06-28T07:05:06","guid":{"rendered":"https:\/\/www.aluri.sk\/?post_type=product&#038;p=344"},"modified":"2023-09-13T09:25:51","modified_gmt":"2023-09-13T07:25:51","slug":"starmix-uclean-1432-hk","status":"publish","type":"product","link":"https:\/\/www.aluri.sk\/index.php\/produkt\/starmix-uclean-1432-hk\/","title":{"rendered":"STARMIX UCLEAN 1432 HK"},"content":{"rendered":"<p><span style=\"font-family: 'arial black', 'avant garde';\"><b>\u0160TANDARDN\u00c9 ZARIADENIE S JEDNODUCH\u00ddM Z\u00c1KLADN\u00ddM VYBAVEN\u00cdM. NA POU\u017dITIE NA MOKR\u00c9 A SUCH\u00c9 \u010cISTENIE V BUDOV\u00c1CH (KOMER\u010cN\u00ddCH A S\u00daKROMN\u00ddCH), GAR\u00c1\u017dACH, V DOM\u00c1CNOSTI AT\u010e. VYBAVEN\u00c9 PR\u00cdSLU\u0160ENSTVOM HK, KTOR\u00c9 JE MO\u017dN\u00c9 \u00daPLNE ULO\u017dI\u0164 NA VYS\u00c1VA\u010c V\u010eAKA SKLADU PR\u00cdSLU\u0160ENSTVA . U\u017d\u00cdVATE\u013dSKY PR\u00cdVETIV\u00dd V\u010eAKA VE\u013dK\u00c9MU NO\u017dN\u00c9MU SP\u00cdNA\u010cU NA ZAP\u00cdNANIE A VYP\u00cdNANIE A BO\u010cNEJ PARKOVACEJ POLOHE PRE SACIE PR\u00cdSLU\u0160ENSTVO. S NAJLEP\u0160\u00cdM NAV\u00cdJAN\u00cdM HADICE NA TRHU A FIX\u00c1CIOU KONEKTORA. S DODATO\u010cNOU FUNKCIOU VYFUKOVANIA A EXTR\u00c9MNE ROBUSTNOU FILTRA\u010cNOU VLO\u017dKOU .<\/b><\/span><\/p>\n","protected":false},"excerpt":{"rendered":"<p>\u0160TANDARDN\u00c9 ZARIADENIE S JEDNODUCH\u00ddM Z\u00c1KLADN\u00ddM VYBAVEN\u00cdM. NA POU\u017dITIE NA MOKR\u00c9 A SUCH\u00c9 \u010cISTENIE V BUDOV\u00c1CH (KOMER\u010cN\u00ddCH A S\u00daKROMN\u00ddCH), GAR\u00c1\u017dACH, V DOM\u00c1CNOSTI AT\u010e. VYBAVEN\u00c9 PR\u00cdSLU\u0160ENSTVOM HK, KTOR\u00c9 JE MO\u017dN\u00c9 \u00daPLNE ULO\u017dI\u0164 NA VYS\u00c1VA\u010c V\u010eAKA SKLADU PR\u00cdSLU\u0160ENSTVA . U\u017d\u00cdVATE\u013dSKY PR\u00cdVETIV\u00dd V\u010eAKA VE\u013dK\u00c9MU NO\u017dN\u00c9MU SP\u00cdNA\u010cU NA ZAP\u00cdNANIE A VYP\u00cdNANIE A BO\u010cNEJ PARKOVACEJ POLOHE PRE SACIE PR\u00cdSLU\u0160ENSTVO. S NAJLEP\u0160\u00cdM [&hellip;]<\/p>\n","protected":false},"featured_media":345,"comment_status":"open","ping_status":"closed","template":"","meta":[],"product_cat":[31],"product_tag":[],"class_list":{"0":"post-344","1":"product","2":"type-product","3":"status-publish","4":"has-post-thumbnail","6":"product_cat-priemyselne-vysavace","8":"first","9":"instock","10":"taxable","11":"shipping-taxable","12":"purchasable","13":"product-type-simple"},"jetpack_sharing_enabled":true,"_links":{"self":[{"href":"https:\/\/www.aluri.sk\/index.php\/wp-json\/wp\/v2\/product\/344","targetHints":{"allow":["GET"]}}],"collection":[{"href":"https:\/\/www.aluri.sk\/index.php\/wp-json\/wp\/v2\/product"}],"about":[{"href":"https:\/\/www.aluri.sk\/index.php\/wp-json\/wp\/v2\/types\/product"}],"replies":[{"embeddable":true,"href":"https:\/\/www.aluri.sk\/index.php\/wp-json\/wp\/v2\/comments?post=344"}],"wp:featuredmedia":[{"embeddable":true,"href":"https:\/\/www.aluri.sk\/index.php\/wp-json\/wp\/v2\/media\/345"}],"wp:attachment":[{"href":"https:\/\/www.aluri.sk\/index.php\/wp-json\/wp\/v2\/media?parent=344"}],"wp:term":[{"taxonomy":"product_cat","embeddable":true,"href":"https:\/\/www.aluri.sk\/index.php\/wp-json\/wp\/v2\/product_cat?post=344"},{"taxonomy":"product_tag","embeddable":true,"href":"https:\/\/www.aluri.sk\/index.php\/wp-json\/wp\/v2\/product_tag?post=344"}],"curies":[{"name":"wp","href":"https:\/\/api.w.org\/{rel}","templated":true}]}}