{"id":320,"date":"2023-06-27T19:50:51","date_gmt":"2023-06-27T17:50:51","guid":{"rendered":"https:\/\/www.aluri.sk\/?post_type=product&#038;p=320"},"modified":"2023-09-13T11:12:34","modified_gmt":"2023-09-13T09:12:34","slug":"starmix-uclean-ardl-1445-ehp","status":"publish","type":"product","link":"https:\/\/www.aluri.sk\/index.php\/produkt\/starmix-uclean-ardl-1445-ehp\/","title":{"rendered":"STARMIX UCLEAN ARDL-1445 EHP"},"content":{"rendered":"<p><span style=\"font-family: 'arial black', 'avant garde';\"><b>VYS\u00c1VA\u010cE ELEKTRICK\u00c9HO N\u00c1RADIA RADU UCLEAN S AUTOMATICK\u00ddM \u010cISTEN\u00cdM FILTRA, NA UNIVERZ\u00c1LNE POU\u017dITIE V PRIEMYSLE, V DIELNI A NA STAVBE. VHODN\u00dd NA V\u0154TANIE, BR\u00daSENIE, FR\u00c9ZOVANIE A REZANIE DO DREVA, BET\u00d3NU, KAME\u0147A, CEMENTU, S NORM\u00c1LNYM VZNIKOM PRACHU. POU\u017dITIE S FILTRA\u010cN\u00ddM VRECKOM ALEBO BEZ NEHO. S INTEGROVANOU Z\u00c1SUVKOU PRE PR\u00c1CU S ELEKTRICK\u00ddM N\u00c1RAD\u00cdM. VE\u013dK\u00dd PREP\u00cdNA\u010c NA ZAP\u00cdNANIE \/ VYP\u00cdNANIE A AUTOMATICK\u00c9 ZAP\u00cdNANIE ELEKTRICK\u00c9HO N\u00c1RADIA. AUTOMATICK\u00c1 FUNKCIA ELEKTROMAGNETICK\u00ddCH VIBR\u00c1CI\u00cd PO\u010cAS PREST\u00c1VKY V PR\u00c1CI.<\/b><\/span><\/p>\n","protected":false},"excerpt":{"rendered":"<p>VYS\u00c1VA\u010cE ELEKTRICK\u00c9HO N\u00c1RADIA RADU UCLEAN S AUTOMATICK\u00ddM \u010cISTEN\u00cdM FILTRA, NA UNIVERZ\u00c1LNE POU\u017dITIE V PRIEMYSLE, V DIELNI A NA STAVBE. VHODN\u00dd NA V\u0154TANIE, BR\u00daSENIE, FR\u00c9ZOVANIE A REZANIE DO DREVA, BET\u00d3NU, KAME\u0147A, CEMENTU, S NORM\u00c1LNYM VZNIKOM PRACHU. POU\u017dITIE S FILTRA\u010cN\u00ddM VRECKOM ALEBO BEZ NEHO. S INTEGROVANOU Z\u00c1SUVKOU PRE PR\u00c1CU S ELEKTRICK\u00ddM N\u00c1RAD\u00cdM. VE\u013dK\u00dd PREP\u00cdNA\u010c NA ZAP\u00cdNANIE \/ [&hellip;]<\/p>\n","protected":false},"featured_media":321,"comment_status":"open","ping_status":"closed","template":"","meta":[],"product_cat":[31],"product_tag":[],"class_list":{"0":"post-320","1":"product","2":"type-product","3":"status-publish","4":"has-post-thumbnail","6":"product_cat-priemyselne-vysavace","8":"first","9":"instock","10":"taxable","11":"shipping-taxable","12":"purchasable","13":"product-type-simple"},"jetpack_sharing_enabled":true,"_links":{"self":[{"href":"https:\/\/www.aluri.sk\/index.php\/wp-json\/wp\/v2\/product\/320","targetHints":{"allow":["GET"]}}],"collection":[{"href":"https:\/\/www.aluri.sk\/index.php\/wp-json\/wp\/v2\/product"}],"about":[{"href":"https:\/\/www.aluri.sk\/index.php\/wp-json\/wp\/v2\/types\/product"}],"replies":[{"embeddable":true,"href":"https:\/\/www.aluri.sk\/index.php\/wp-json\/wp\/v2\/comments?post=320"}],"wp:featuredmedia":[{"embeddable":true,"href":"https:\/\/www.aluri.sk\/index.php\/wp-json\/wp\/v2\/media\/321"}],"wp:attachment":[{"href":"https:\/\/www.aluri.sk\/index.php\/wp-json\/wp\/v2\/media?parent=320"}],"wp:term":[{"taxonomy":"product_cat","embeddable":true,"href":"https:\/\/www.aluri.sk\/index.php\/wp-json\/wp\/v2\/product_cat?post=320"},{"taxonomy":"product_tag","embeddable":true,"href":"https:\/\/www.aluri.sk\/index.php\/wp-json\/wp\/v2\/product_tag?post=320"}],"curies":[{"name":"wp","href":"https:\/\/api.w.org\/{rel}","templated":true}]}}