{"id":286,"date":"2023-06-27T17:28:26","date_gmt":"2023-06-27T15:28:26","guid":{"rendered":"https:\/\/www.aluri.sk\/?post_type=product&#038;p=286"},"modified":"2023-09-22T09:56:40","modified_gmt":"2023-09-22T07:56:40","slug":"starmix-uclean-adl-1432-ehp","status":"publish","type":"product","link":"https:\/\/www.aluri.sk\/index.php\/produkt\/starmix-uclean-adl-1432-ehp\/","title":{"rendered":"STARMIX UCLEAN ADL-1432 EHP"},"content":{"rendered":"<p><span style=\"font-family: 'arial black', 'avant garde';\"><b>ELEKTRICK\u00dd N\u00c1STROJOV\u00dd VYS\u00c1VA\u010c NA UNIVERZ\u00c1LNE POU\u017dITIE V PRIEMYSLE, V DIELNI A NA STAVBE. VHODN\u00dd NA V\u0154TANIE, BR\u00daSENIE, FR\u00c9ZOVANIE A REZANIE DO DREVA, BET\u00d3NU, KAME\u0147A, CEMENTU, S NORM\u00c1LNYM VZNIKOM PRACHU. ANTISTATICK\u00c9 PRIPRAVEN\u00c9. S INTEGROVANOU Z\u00c1SUVKOU PRE PR\u00c1CU S ELEKTRICK\u00ddM N\u00c1RAD\u00cdM. VE\u013dK\u00dd NO\u017dN\u00dd SP\u00cdNA\u010c NA ZAP\u00cdNANIE \/ VYP\u00cdNANIE A AUTOMATICK\u00c9 ZAP\u00cdNANIE ELEKTRICK\u00c9HO N\u00c1RADIA. NAVY\u0160E JE VYBAVEN\u00dd FUNKCIOU VYFUKOVANIA A EXTR\u00c9MNE ROBUSTNOU FILTRA\u010cNOU VLO\u017dKOU . Z\u00c1SOBN\u00cdK PR\u00cdSLU\u0160ENSTVA, KTOR\u00c9 SA NEVIKL\u00c1 , NAV\u00cdJANIE HADICE A KONEKTORA, AKO AJ BO\u010cN\u00c1 PARKOVACIA POLOHA SACIEHO PR\u00cdSLU\u0160ENSTVA UMO\u017d\u0147UJ\u00da \u013dAHK\u00c9 PREN\u00c1\u0160ANIE NA STAVENISKU A \u00daH\u013dADN\u00c9 SKLADOVANIE PO\u010cAS PREPRAVY.<\/b><\/span><\/p>\n<p><br style=\"font-weight: 400;\" \/><br style=\"font-weight: 400;\" \/><\/p>\n","protected":false},"excerpt":{"rendered":"<p>ELEKTRICK\u00dd N\u00c1STROJOV\u00dd VYS\u00c1VA\u010c NA UNIVERZ\u00c1LNE POU\u017dITIE V PRIEMYSLE, V DIELNI A NA STAVBE. VHODN\u00dd NA V\u0154TANIE, BR\u00daSENIE, FR\u00c9ZOVANIE A REZANIE DO DREVA, BET\u00d3NU, KAME\u0147A, CEMENTU, S NORM\u00c1LNYM VZNIKOM PRACHU. ANTISTATICK\u00c9 PRIPRAVEN\u00c9. S INTEGROVANOU Z\u00c1SUVKOU PRE PR\u00c1CU S ELEKTRICK\u00ddM N\u00c1RAD\u00cdM. VE\u013dK\u00dd NO\u017dN\u00dd SP\u00cdNA\u010c NA ZAP\u00cdNANIE \/ VYP\u00cdNANIE A AUTOMATICK\u00c9 ZAP\u00cdNANIE ELEKTRICK\u00c9HO N\u00c1RADIA. NAVY\u0160E JE VYBAVEN\u00dd FUNKCIOU [&hellip;]<\/p>\n","protected":false},"featured_media":287,"comment_status":"open","ping_status":"closed","template":"","meta":[],"product_cat":[31],"product_tag":[],"class_list":{"0":"post-286","1":"product","2":"type-product","3":"status-publish","4":"has-post-thumbnail","6":"product_cat-priemyselne-vysavace","8":"first","9":"instock","10":"taxable","11":"shipping-taxable","12":"purchasable","13":"product-type-simple"},"jetpack_sharing_enabled":true,"_links":{"self":[{"href":"https:\/\/www.aluri.sk\/index.php\/wp-json\/wp\/v2\/product\/286","targetHints":{"allow":["GET"]}}],"collection":[{"href":"https:\/\/www.aluri.sk\/index.php\/wp-json\/wp\/v2\/product"}],"about":[{"href":"https:\/\/www.aluri.sk\/index.php\/wp-json\/wp\/v2\/types\/product"}],"replies":[{"embeddable":true,"href":"https:\/\/www.aluri.sk\/index.php\/wp-json\/wp\/v2\/comments?post=286"}],"wp:featuredmedia":[{"embeddable":true,"href":"https:\/\/www.aluri.sk\/index.php\/wp-json\/wp\/v2\/media\/287"}],"wp:attachment":[{"href":"https:\/\/www.aluri.sk\/index.php\/wp-json\/wp\/v2\/media?parent=286"}],"wp:term":[{"taxonomy":"product_cat","embeddable":true,"href":"https:\/\/www.aluri.sk\/index.php\/wp-json\/wp\/v2\/product_cat?post=286"},{"taxonomy":"product_tag","embeddable":true,"href":"https:\/\/www.aluri.sk\/index.php\/wp-json\/wp\/v2\/product_tag?post=286"}],"curies":[{"name":"wp","href":"https:\/\/api.w.org\/{rel}","templated":true}]}}