{"id":231,"date":"2023-06-27T09:06:47","date_gmt":"2023-06-27T07:06:47","guid":{"rendered":"https:\/\/www.aluri.sk\/?post_type=product&#038;p=231"},"modified":"2023-08-02T13:37:57","modified_gmt":"2023-08-02T11:37:57","slug":"starmix-ipulse-h-1635-safe-plus","status":"publish","type":"product","link":"https:\/\/www.aluri.sk\/index.php\/produkt\/starmix-ipulse-h-1635-safe-plus\/","title":{"rendered":"STARMIX IPULSE H-1635 SAFE PLUS"},"content":{"rendered":"<p><span style=\"font-family: 'arial black', 'avant garde';\"><b>BEZPE\u010cNOSTN\u00dd VYS\u00c1VA\u010c NA STAVENISKO A DO DIELNE \u201eSAFE PLUS\u201c. SO SMARTFIXOM (LI\u0160TA NA PRIPOJENIE SYSTAINERA), 2 SUCH\u00c9 ZIPSY, ANTISTATICK\u00c1 HADICA . NA NAJN\u00c1RO\u010cNEJ\u0160IE NEPRETR\u017dIT\u00c9 POU\u017d\u00cdVANIE V \u0164A\u017dK\u00ddCH PODMIENKACH. NA PRIPOJENIE K ELEKTRICK\u00c9MU N\u00c1RADIU A PRIAME VYS\u00c1VANIE PO\u010cAS V\u0154TANIA, FR\u00c9ZOVANIA, BR\u00daSENIA A P\u00cdLENIA. VYSOKO INTELIGENTN\u00c1 ELEKTRONIKA MERIA AKTU\u00c1LNY STAV OBSADENOSTI FILTRA. HNE\u010e AKO SA DOSIAHNE HODNOTA V\u00c1KUA NASTAVEN\u00c1 V\u00ddROBCOM, OBIDVA FILTRE SA STRIEDAVO VY\u010cISTIA DO 3,5 SEKUNDY POMOCOU VYSOKO V\u00ddKONN\u00ddCH ELEKTROMAGNETOV BEZ PRERU\u0160ENIA PR\u00c1CE.. AJ TIE NAJJEMNEJ\u0160IE A NAJPROBLEMATICKEJ\u0160IE \u010cASTICE PRACHU &#8211; NAPR\u00cdKLAD SADRA &#8211; SA DAJ\u00da Z FILTROV \u013dAHKO ODSTR\u00c1NI\u0164.<\/b><\/span><\/p>\n<p><br style=\"font-weight: 400;\" \/><br style=\"font-weight: 400;\" \/><\/p>\n","protected":false},"excerpt":{"rendered":"<p>BEZPE\u010cNOSTN\u00dd VYS\u00c1VA\u010c NA STAVENISKO A DO DIELNE \u201eSAFE PLUS\u201c. SO SMARTFIXOM (LI\u0160TA NA PRIPOJENIE SYSTAINERA), 2 SUCH\u00c9 ZIPSY, ANTISTATICK\u00c1 HADICA . NA NAJN\u00c1RO\u010cNEJ\u0160IE NEPRETR\u017dIT\u00c9 POU\u017d\u00cdVANIE V \u0164A\u017dK\u00ddCH PODMIENKACH. NA PRIPOJENIE K ELEKTRICK\u00c9MU N\u00c1RADIU A PRIAME VYS\u00c1VANIE PO\u010cAS V\u0154TANIA, FR\u00c9ZOVANIA, BR\u00daSENIA A P\u00cdLENIA. VYSOKO INTELIGENTN\u00c1 ELEKTRONIKA MERIA AKTU\u00c1LNY STAV OBSADENOSTI FILTRA. HNE\u010e AKO SA DOSIAHNE HODNOTA [&hellip;]<\/p>\n","protected":false},"featured_media":233,"comment_status":"open","ping_status":"closed","template":"","meta":[],"product_cat":[31],"product_tag":[],"class_list":{"0":"post-231","1":"product","2":"type-product","3":"status-publish","4":"has-post-thumbnail","6":"product_cat-priemyselne-vysavace","8":"first","9":"instock","10":"taxable","11":"shipping-taxable","12":"purchasable","13":"product-type-simple"},"jetpack_sharing_enabled":true,"_links":{"self":[{"href":"https:\/\/www.aluri.sk\/index.php\/wp-json\/wp\/v2\/product\/231","targetHints":{"allow":["GET"]}}],"collection":[{"href":"https:\/\/www.aluri.sk\/index.php\/wp-json\/wp\/v2\/product"}],"about":[{"href":"https:\/\/www.aluri.sk\/index.php\/wp-json\/wp\/v2\/types\/product"}],"replies":[{"embeddable":true,"href":"https:\/\/www.aluri.sk\/index.php\/wp-json\/wp\/v2\/comments?post=231"}],"wp:featuredmedia":[{"embeddable":true,"href":"https:\/\/www.aluri.sk\/index.php\/wp-json\/wp\/v2\/media\/233"}],"wp:attachment":[{"href":"https:\/\/www.aluri.sk\/index.php\/wp-json\/wp\/v2\/media?parent=231"}],"wp:term":[{"taxonomy":"product_cat","embeddable":true,"href":"https:\/\/www.aluri.sk\/index.php\/wp-json\/wp\/v2\/product_cat?post=231"},{"taxonomy":"product_tag","embeddable":true,"href":"https:\/\/www.aluri.sk\/index.php\/wp-json\/wp\/v2\/product_tag?post=231"}],"curies":[{"name":"wp","href":"https:\/\/api.w.org\/{rel}","templated":true}]}}