{"id":151,"date":"2023-06-26T10:37:54","date_gmt":"2023-06-26T08:37:54","guid":{"rendered":"https:\/\/www.aluri.sk\/?post_type=product&#038;p=151"},"modified":"2023-09-22T09:34:41","modified_gmt":"2023-09-22T07:34:41","slug":"novus-j-25","status":"publish","type":"product","link":"https:\/\/www.aluri.sk\/index.php\/produkt\/novus-j-25\/","title":{"rendered":"NOVUS J-25"},"content":{"rendered":"<p><span style=\"font-weight: 400; font-family: 'arial black', 'avant garde';\">RU\u010cN\u00c1 SPONKOVA\u010cKA ZO ZLIATINY ZINKU, UR\u010cEN\u00c1 PRE PR\u00c1CU V DOM\u00c1CNOSTI, \u010cI DIELNI. POMOCOU POSUVN\u00c9HO MECHANIZMU JE MO\u017dN\u00c9 SPONKOVA\u010cKU PREPN\u00da\u0164 PRE IN\u00dd DRUH SPONIEK. PO UR\u010cEN\u00cd MATERI\u00c1LU, S KTOR\u00ddM PRACUJEME, M\u00d4\u017dEME NASTAVI\u0164 SILU N\u00c1RAZU SPONKY. JEDNODUCH\u00dd SYST\u00c9M PLNENIA UMO\u017d\u0147UJE R\u00ddCHLE NAB\u00cdJANIE SPONIEK CEZ SPODN\u00dd NAKLADAC\u00cd MECHANIZMUS S BEZPE\u010cNOSTN\u00ddM Z\u00c1MKOM. EKONOMICK\u00da \u013dAHK\u00da RUKOV\u00c4\u0164 JE MO\u017dN\u00c9 PO DOKON\u010cEN\u00cd PR\u00c1C POMOCOU Z\u00c1PADKY \u013dAHKO ZAFIXOVA\u0164.<\/span><\/p>\n<p><span style=\"font-family: 'arial black', 'avant garde';\">SPONKY TYPU:\u00a0<\/span><\/p>\n<p><span style=\"font-family: 'arial black', 'avant garde';\">A[4-10MM]<\/span><\/p>\n<p><span style=\"font-family: 'arial black', 'avant garde';\">D[4-10MM]<\/span><\/p>\n","protected":false},"excerpt":{"rendered":"<p>RU\u010cN\u00c1 SPONKOVA\u010cKA ZO ZLIATINY ZINKU, UR\u010cEN\u00c1 PRE PR\u00c1CU V DOM\u00c1CNOSTI, \u010cI DIELNI. POMOCOU POSUVN\u00c9HO MECHANIZMU JE MO\u017dN\u00c9 SPONKOVA\u010cKU PREPN\u00da\u0164 PRE IN\u00dd DRUH SPONIEK. PO UR\u010cEN\u00cd MATERI\u00c1LU, S KTOR\u00ddM PRACUJEME, M\u00d4\u017dEME NASTAVI\u0164 SILU N\u00c1RAZU SPONKY. JEDNODUCH\u00dd SYST\u00c9M PLNENIA UMO\u017d\u0147UJE R\u00ddCHLE NAB\u00cdJANIE SPONIEK CEZ SPODN\u00dd NAKLADAC\u00cd MECHANIZMUS S BEZPE\u010cNOSTN\u00ddM Z\u00c1MKOM. EKONOMICK\u00da \u013dAHK\u00da RUKOV\u00c4\u0164 JE MO\u017dN\u00c9 PO DOKON\u010cEN\u00cd [&hellip;]<\/p>\n","protected":false},"featured_media":469,"comment_status":"open","ping_status":"closed","template":"","meta":[],"product_cat":[27],"product_tag":[],"class_list":{"0":"post-151","1":"product","2":"type-product","3":"status-publish","4":"has-post-thumbnail","6":"product_cat-rucne-sponkovacky","8":"first","9":"instock","10":"taxable","11":"shipping-taxable","12":"purchasable","13":"product-type-simple"},"jetpack_sharing_enabled":true,"_links":{"self":[{"href":"https:\/\/www.aluri.sk\/index.php\/wp-json\/wp\/v2\/product\/151","targetHints":{"allow":["GET"]}}],"collection":[{"href":"https:\/\/www.aluri.sk\/index.php\/wp-json\/wp\/v2\/product"}],"about":[{"href":"https:\/\/www.aluri.sk\/index.php\/wp-json\/wp\/v2\/types\/product"}],"replies":[{"embeddable":true,"href":"https:\/\/www.aluri.sk\/index.php\/wp-json\/wp\/v2\/comments?post=151"}],"wp:featuredmedia":[{"embeddable":true,"href":"https:\/\/www.aluri.sk\/index.php\/wp-json\/wp\/v2\/media\/469"}],"wp:attachment":[{"href":"https:\/\/www.aluri.sk\/index.php\/wp-json\/wp\/v2\/media?parent=151"}],"wp:term":[{"taxonomy":"product_cat","embeddable":true,"href":"https:\/\/www.aluri.sk\/index.php\/wp-json\/wp\/v2\/product_cat?post=151"},{"taxonomy":"product_tag","embeddable":true,"href":"https:\/\/www.aluri.sk\/index.php\/wp-json\/wp\/v2\/product_tag?post=151"}],"curies":[{"name":"wp","href":"https:\/\/api.w.org\/{rel}","templated":true}]}}