{"id":149,"date":"2023-06-26T10:43:33","date_gmt":"2023-06-26T08:43:33","guid":{"rendered":"https:\/\/www.aluri.sk\/?post_type=product&#038;p=149"},"modified":"2023-09-22T09:32:31","modified_gmt":"2023-09-22T07:32:31","slug":"novus-nitovacka-n-55","status":"publish","type":"product","link":"https:\/\/www.aluri.sk\/index.php\/produkt\/novus-nitovacka-n-55\/","title":{"rendered":"NOVUS NITOVA\u010cKA N-55"},"content":{"rendered":"<p><span style=\"font-weight: 400; font-family: 'arial black', 'avant garde';\">ODOLN\u00c9 HLIN\u00cdKOV\u00c9 TELO N\u00c1STROJA A P\u00c1KA Z OCE\u013dOV\u00c9HO PLECHU<\/span><\/p>\n<p><span style=\"font-weight: 400; font-family: 'arial black', 'avant garde';\">MECHANIKA Z KALENEJ OCELE: ODOLN\u00c1 VO\u010cI OPOTREBOVANIU V\u010eAKA MIMORIADNE KVALITNEJ MECHANIKE \u010cE\u013dUST\u00cd SK\u013dU\u010cOVADLA.<\/span><\/p>\n<p><span style=\"font-weight: 400; font-family: 'arial black', 'avant garde';\">POHODLN\u00c1 RUKOV\u00c4\u0164: ERGONOMICK\u00dd DIZAJN RUKOV\u00c4TE PRE PR\u00c1CU BEZ STRESU<\/span><\/p>\n<p><span style=\"font-weight: 400; font-family: 'arial black', 'avant garde';\">N\u00c1DR\u017d NA ODPAD: PRAKTICK\u00dd, INTEGROVAN\u00dd ZBERN\u00dd K\u00d4\u0160 NA NITOVACIE T\u0154NE<\/span><\/p>\n<p><span style=\"font-weight: 400; font-family: 'arial black', 'avant garde';\">INTEGROVAN\u00dd MONT\u00c1\u017dNY K\u013d\u00da\u010c PRE R\u00ddCHLU V\u00ddMENU MONT\u00c1\u017dE A \u0160TYRI VYMENITE\u013dN\u00c9 \u00daCHYTY NA NITOVAC\u00cdCH KLIE\u0160\u0164ACH PRE PRAKTICK\u00c9 SKLADOVANIE<\/span><\/p>\n<p><span style=\"font-weight: 400; font-family: 'arial black', 'avant garde';\">VHODN\u00c9 NA PR\u00c1CU S HLIN\u00cdKOV\u00ddMI, OCE\u013dOV\u00ddMI A MEDEN\u00ddMI TRHAC\u00cdMI NITMI<\/span><\/p>\n","protected":false},"excerpt":{"rendered":"<p>ODOLN\u00c9 HLIN\u00cdKOV\u00c9 TELO N\u00c1STROJA A P\u00c1KA Z OCE\u013dOV\u00c9HO PLECHU MECHANIKA Z KALENEJ OCELE: ODOLN\u00c1 VO\u010cI OPOTREBOVANIU V\u010eAKA MIMORIADNE KVALITNEJ MECHANIKE \u010cE\u013dUST\u00cd SK\u013dU\u010cOVADLA. POHODLN\u00c1 RUKOV\u00c4\u0164: ERGONOMICK\u00dd DIZAJN RUKOV\u00c4TE PRE PR\u00c1CU BEZ STRESU N\u00c1DR\u017d NA ODPAD: PRAKTICK\u00dd, INTEGROVAN\u00dd ZBERN\u00dd K\u00d4\u0160 NA NITOVACIE T\u0154NE INTEGROVAN\u00dd MONT\u00c1\u017dNY K\u013d\u00da\u010c PRE R\u00ddCHLU V\u00ddMENU MONT\u00c1\u017dE A \u0160TYRI VYMENITE\u013dN\u00c9 \u00daCHYTY NA NITOVAC\u00cdCH KLIE\u0160\u0164ACH [&hellip;]<\/p>\n","protected":false},"featured_media":153,"comment_status":"open","ping_status":"closed","template":"","meta":[],"product_cat":[29],"product_tag":[],"class_list":{"0":"post-149","1":"product","2":"type-product","3":"status-publish","4":"has-post-thumbnail","6":"product_cat-nitovacky","8":"first","9":"instock","10":"taxable","11":"shipping-taxable","12":"purchasable","13":"product-type-simple"},"jetpack_sharing_enabled":true,"_links":{"self":[{"href":"https:\/\/www.aluri.sk\/index.php\/wp-json\/wp\/v2\/product\/149","targetHints":{"allow":["GET"]}}],"collection":[{"href":"https:\/\/www.aluri.sk\/index.php\/wp-json\/wp\/v2\/product"}],"about":[{"href":"https:\/\/www.aluri.sk\/index.php\/wp-json\/wp\/v2\/types\/product"}],"replies":[{"embeddable":true,"href":"https:\/\/www.aluri.sk\/index.php\/wp-json\/wp\/v2\/comments?post=149"}],"wp:featuredmedia":[{"embeddable":true,"href":"https:\/\/www.aluri.sk\/index.php\/wp-json\/wp\/v2\/media\/153"}],"wp:attachment":[{"href":"https:\/\/www.aluri.sk\/index.php\/wp-json\/wp\/v2\/media?parent=149"}],"wp:term":[{"taxonomy":"product_cat","embeddable":true,"href":"https:\/\/www.aluri.sk\/index.php\/wp-json\/wp\/v2\/product_cat?post=149"},{"taxonomy":"product_tag","embeddable":true,"href":"https:\/\/www.aluri.sk\/index.php\/wp-json\/wp\/v2\/product_tag?post=149"}],"curies":[{"name":"wp","href":"https:\/\/api.w.org\/{rel}","templated":true}]}}