{"id":130,"date":"2023-06-26T10:02:19","date_gmt":"2023-06-26T08:02:19","guid":{"rendered":"https:\/\/www.aluri.sk\/?post_type=product&#038;p=130"},"modified":"2023-09-22T09:39:36","modified_gmt":"2023-09-22T07:39:36","slug":"novus-rucna-nitovacka-n-20","status":"publish","type":"product","link":"https:\/\/www.aluri.sk\/index.php\/produkt\/novus-rucna-nitovacka-n-20\/","title":{"rendered":"NOVUS RU\u010cN\u00c1 NITOVA\u010cKA N-20"},"content":{"rendered":"<p><span style=\"font-weight: 400; font-family: 'arial black', 'avant garde';\">RU\u010cN\u00c9 NITOVACIE KLIE\u0160TE N-20 OD NEMECKEJ FIRMY NOVUS<\/span><\/p>\n<p><span style=\"font-weight: 400; font-family: 'arial black', 'avant garde';\">VYROBEN\u00c9 Z HLIN\u00cdKOVEJ ZLIATINY<\/span><\/p>\n<p><span style=\"font-weight: 400; font-family: 'arial black', 'avant garde';\">VHODN\u00c9 NA OCE\u013dOV\u00c9, HLIN\u00cdKOV\u00c9 A MEDEN\u00c9 TRHACIE NITY<\/span><\/p>\n<p><span style=\"font-weight: 400; font-family: 'arial black', 'avant garde';\">INTEGROVAN\u00dd K\u013d\u00da\u010c NA R\u00ddCHLU V\u00ddMENU NITOVAC\u00cdCH HLAV\u00cdC<\/span><\/p>\n<p><span style=\"font-weight: 400; font-family: 'arial black', 'avant garde';\">4 INTEGROVAN\u00c9 NITOVACIE HLAVICE NA TRHACIE NITY PRIEMERU 2,4 \/ 3 \/ 4 \/ 5 MM<\/span><\/p>\n","protected":false},"excerpt":{"rendered":"<p>RU\u010cN\u00c9 NITOVACIE KLIE\u0160TE N-20 OD NEMECKEJ FIRMY NOVUS VYROBEN\u00c9 Z HLIN\u00cdKOVEJ ZLIATINY VHODN\u00c9 NA OCE\u013dOV\u00c9, HLIN\u00cdKOV\u00c9 A MEDEN\u00c9 TRHACIE NITY INTEGROVAN\u00dd K\u013d\u00da\u010c NA R\u00ddCHLU V\u00ddMENU NITOVAC\u00cdCH HLAV\u00cdC 4 INTEGROVAN\u00c9 NITOVACIE HLAVICE NA TRHACIE NITY PRIEMERU 2,4 \/ 3 \/ 4 \/ 5 MM<\/p>\n","protected":false},"featured_media":132,"comment_status":"open","ping_status":"closed","template":"","meta":[],"product_cat":[29],"product_tag":[],"class_list":{"0":"post-130","1":"product","2":"type-product","3":"status-publish","4":"has-post-thumbnail","6":"product_cat-nitovacky","8":"first","9":"instock","10":"taxable","11":"shipping-taxable","12":"purchasable","13":"product-type-simple"},"jetpack_sharing_enabled":true,"_links":{"self":[{"href":"https:\/\/www.aluri.sk\/index.php\/wp-json\/wp\/v2\/product\/130","targetHints":{"allow":["GET"]}}],"collection":[{"href":"https:\/\/www.aluri.sk\/index.php\/wp-json\/wp\/v2\/product"}],"about":[{"href":"https:\/\/www.aluri.sk\/index.php\/wp-json\/wp\/v2\/types\/product"}],"replies":[{"embeddable":true,"href":"https:\/\/www.aluri.sk\/index.php\/wp-json\/wp\/v2\/comments?post=130"}],"wp:featuredmedia":[{"embeddable":true,"href":"https:\/\/www.aluri.sk\/index.php\/wp-json\/wp\/v2\/media\/132"}],"wp:attachment":[{"href":"https:\/\/www.aluri.sk\/index.php\/wp-json\/wp\/v2\/media?parent=130"}],"wp:term":[{"taxonomy":"product_cat","embeddable":true,"href":"https:\/\/www.aluri.sk\/index.php\/wp-json\/wp\/v2\/product_cat?post=130"},{"taxonomy":"product_tag","embeddable":true,"href":"https:\/\/www.aluri.sk\/index.php\/wp-json\/wp\/v2\/product_tag?post=130"}],"curies":[{"name":"wp","href":"https:\/\/api.w.org\/{rel}","templated":true}]}}