{"id":124,"date":"2023-06-26T10:13:07","date_gmt":"2023-06-26T08:13:07","guid":{"rendered":"https:\/\/www.aluri.sk\/?post_type=product&#038;p=124"},"modified":"2025-03-30T17:05:53","modified_gmt":"2025-03-30T15:05:53","slug":"novus-j-13","status":"publish","type":"product","link":"https:\/\/www.aluri.sk\/index.php\/produkt\/novus-j-13\/","title":{"rendered":"NOVUS J-13"},"content":{"rendered":"<p><span style=\"font-weight: 400; font-family: 'arial black', 'avant garde';\">MAL\u00c1 RU\u010cN\u00c1 NASTRE\u013dOVA\u010cKA S VYSOKOKVALITN\u00ddM PLASTOV\u00ddM KRYTOM NA UNIVERZ\u00c1LNE POU\u017dITIE, NAPR. NA R\u00ddCHLE NAPNUTIE TKANINY DO R\u00c1MU. SPODN\u00dd PLNIACI Z\u00c1SOBN\u00cdK S BEZPE\u010cNOSTNOU POISTKOU NA \u013dAHK\u00c9 PLNENIE SPINKAMI, Z\u00c1MOK RUKOV\u00c4TE PRE SKLADOVANIE, KONTROLN\u00c9 OKIENKO NA SLEDOVANIE STAVU NAPLNENIA Z\u00c1SOBN\u00cdKA. KAPACITA: (A) SPINKY 140 KS.<\/span><\/p>\n<p><span style=\"font-family: 'arial black', 'avant garde';\">SPONKY TYPU: A [4-10MM]\u00a0<\/span><\/p>\n<p>&nbsp;<\/p>\n","protected":false},"excerpt":{"rendered":"<p>MAL\u00c1 RU\u010cN\u00c1 NASTRE\u013dOVA\u010cKA S VYSOKOKVALITN\u00ddM PLASTOV\u00ddM KRYTOM NA UNIVERZ\u00c1LNE POU\u017dITIE, NAPR. NA R\u00ddCHLE NAPNUTIE TKANINY DO R\u00c1MU. SPODN\u00dd PLNIACI Z\u00c1SOBN\u00cdK S BEZPE\u010cNOSTNOU POISTKOU NA \u013dAHK\u00c9 PLNENIE SPINKAMI, Z\u00c1MOK RUKOV\u00c4TE PRE SKLADOVANIE, KONTROLN\u00c9 OKIENKO NA SLEDOVANIE STAVU NAPLNENIA Z\u00c1SOBN\u00cdKA. KAPACITA: (A) SPINKY 140 KS. SPONKY TYPU: A [4-10MM]\u00a0 &nbsp;<\/p>\n","protected":false},"featured_media":182,"comment_status":"open","ping_status":"closed","template":"","meta":[],"product_cat":[16,17,27],"product_tag":[],"class_list":{"0":"post-124","1":"product","2":"type-product","3":"status-publish","4":"has-post-thumbnail","6":"product_cat-dielna-a-zahrada","7":"product_cat-naradie","8":"product_cat-rucne-sponkovacky","10":"first","11":"instock","12":"taxable","13":"shipping-taxable","14":"purchasable","15":"product-type-simple"},"jetpack_sharing_enabled":true,"_links":{"self":[{"href":"https:\/\/www.aluri.sk\/index.php\/wp-json\/wp\/v2\/product\/124","targetHints":{"allow":["GET"]}}],"collection":[{"href":"https:\/\/www.aluri.sk\/index.php\/wp-json\/wp\/v2\/product"}],"about":[{"href":"https:\/\/www.aluri.sk\/index.php\/wp-json\/wp\/v2\/types\/product"}],"replies":[{"embeddable":true,"href":"https:\/\/www.aluri.sk\/index.php\/wp-json\/wp\/v2\/comments?post=124"}],"wp:featuredmedia":[{"embeddable":true,"href":"https:\/\/www.aluri.sk\/index.php\/wp-json\/wp\/v2\/media\/182"}],"wp:attachment":[{"href":"https:\/\/www.aluri.sk\/index.php\/wp-json\/wp\/v2\/media?parent=124"}],"wp:term":[{"taxonomy":"product_cat","embeddable":true,"href":"https:\/\/www.aluri.sk\/index.php\/wp-json\/wp\/v2\/product_cat?post=124"},{"taxonomy":"product_tag","embeddable":true,"href":"https:\/\/www.aluri.sk\/index.php\/wp-json\/wp\/v2\/product_tag?post=124"}],"curies":[{"name":"wp","href":"https:\/\/api.w.org\/{rel}","templated":true}]}}