{"id":123,"date":"2023-06-26T09:55:21","date_gmt":"2023-06-26T07:55:21","guid":{"rendered":"https:\/\/www.aluri.sk\/?post_type=product&#038;p=123"},"modified":"2023-09-22T09:42:58","modified_gmt":"2023-09-22T07:42:58","slug":"novus-rucna-nitovacka-n-10","status":"publish","type":"product","link":"https:\/\/www.aluri.sk\/index.php\/produkt\/novus-rucna-nitovacka-n-10\/","title":{"rendered":"NOVUS RU\u010cN\u00c1 NITOVA\u010cKA N-10 SET"},"content":{"rendered":"<p><span style=\"font-weight: 400; font-family: 'arial black', 'avant garde';\">RU\u010cN\u00c9 NITOVACIE KLIE\u0160TE N-10 OD NEMECKEJ FIRMY NOVUS<\/span><\/p>\n<p><span style=\"font-weight: 400; font-family: 'arial black', 'avant garde';\">VYROBEN\u00c9 Z HLIN\u00cdKOVEJ ZLIATINY<\/span><\/p>\n<p><span style=\"font-weight: 400; font-family: 'arial black', 'avant garde';\">VHODN\u00c9 PRE HLIN\u00cdKOV\u00c9 TRHACIE NITY<\/span><\/p>\n<p><span style=\"font-weight: 400; font-family: 'arial black', 'avant garde';\">INTEGROVAN\u00dd K\u013d\u00da\u010c NA R\u00ddCHLU V\u00ddMENU NITOVAC\u00cdCH HLAV\u00cdC<\/span><\/p>\n<p><span style=\"font-weight: 400; font-family: 'arial black', 'avant garde';\">4 INTEGROVAN\u00c9 NITOVACIE HLAVICE NA TRHACIE NITY PRIEMERU 2,4 \/ 3 \/ 4 \/ 5 MM<\/span><\/p>\n<p><span style=\"font-weight: 400; font-family: 'arial black', 'avant garde';\">BALENIE OBSAHUJE 60 KS HLIN\u00cdKOV\u00ddCH TRHAC\u00cdCH NITOV PRIEMERU 2,4 \/ 3 \/ 4 \/ 5 MM<\/span><\/p>\n","protected":false},"excerpt":{"rendered":"<p>RU\u010cN\u00c9 NITOVACIE KLIE\u0160TE N-10 OD NEMECKEJ FIRMY NOVUS VYROBEN\u00c9 Z HLIN\u00cdKOVEJ ZLIATINY VHODN\u00c9 PRE HLIN\u00cdKOV\u00c9 TRHACIE NITY INTEGROVAN\u00dd K\u013d\u00da\u010c NA R\u00ddCHLU V\u00ddMENU NITOVAC\u00cdCH HLAV\u00cdC 4 INTEGROVAN\u00c9 NITOVACIE HLAVICE NA TRHACIE NITY PRIEMERU 2,4 \/ 3 \/ 4 \/ 5 MM BALENIE OBSAHUJE 60 KS HLIN\u00cdKOV\u00ddCH TRHAC\u00cdCH NITOV PRIEMERU 2,4 \/ 3 \/ 4 \/ 5 [&hellip;]<\/p>\n","protected":false},"featured_media":125,"comment_status":"open","ping_status":"closed","template":"","meta":[],"product_cat":[29],"product_tag":[],"class_list":{"0":"post-123","1":"product","2":"type-product","3":"status-publish","4":"has-post-thumbnail","6":"product_cat-nitovacky","8":"first","9":"instock","10":"taxable","11":"shipping-taxable","12":"purchasable","13":"product-type-simple"},"jetpack_sharing_enabled":true,"_links":{"self":[{"href":"https:\/\/www.aluri.sk\/index.php\/wp-json\/wp\/v2\/product\/123","targetHints":{"allow":["GET"]}}],"collection":[{"href":"https:\/\/www.aluri.sk\/index.php\/wp-json\/wp\/v2\/product"}],"about":[{"href":"https:\/\/www.aluri.sk\/index.php\/wp-json\/wp\/v2\/types\/product"}],"replies":[{"embeddable":true,"href":"https:\/\/www.aluri.sk\/index.php\/wp-json\/wp\/v2\/comments?post=123"}],"wp:featuredmedia":[{"embeddable":true,"href":"https:\/\/www.aluri.sk\/index.php\/wp-json\/wp\/v2\/media\/125"}],"wp:attachment":[{"href":"https:\/\/www.aluri.sk\/index.php\/wp-json\/wp\/v2\/media?parent=123"}],"wp:term":[{"taxonomy":"product_cat","embeddable":true,"href":"https:\/\/www.aluri.sk\/index.php\/wp-json\/wp\/v2\/product_cat?post=123"},{"taxonomy":"product_tag","embeddable":true,"href":"https:\/\/www.aluri.sk\/index.php\/wp-json\/wp\/v2\/product_tag?post=123"}],"curies":[{"name":"wp","href":"https:\/\/api.w.org\/{rel}","templated":true}]}}