{"id":120,"date":"2023-06-26T09:52:14","date_gmt":"2023-06-26T07:52:14","guid":{"rendered":"https:\/\/www.aluri.sk\/?post_type=product&#038;p=120"},"modified":"2023-09-22T09:44:22","modified_gmt":"2023-09-22T07:44:22","slug":"novus-j-11","status":"publish","type":"product","link":"https:\/\/www.aluri.sk\/index.php\/produkt\/novus-j-11\/","title":{"rendered":"NOVUS J-11"},"content":{"rendered":"<p><span style=\"font-family: 'arial black', 'avant garde';\">Z\u00c1KLADN\u00c1 HOBBY SPONKOVA\u010cKA Z ABS PLASTU UR\u010cEN\u00c1 PRE PR\u00c1CU V DOME, ALEBO V Z\u00c1HRADE. JEDNODUCH\u00dd SYST\u00c9M PLNENIA UMO\u017d\u0147UJE R\u00ddCHLE NAB\u00cdJANIE SPONIEK CEZ SPODN\u00dd NAKLADAC\u00cd MECHANIZMUS S BEZPE\u010cNOSTN\u00ddM Z\u00c1MKOM. KOVOV\u00da RUKOV\u00c4\u0164 JE MO\u017dN\u00c9 PO DOKON\u010cEN\u00cd PR\u00c1C POMOCOU Z\u00c1PADKY \u013dAHKO ZAFIXOVA\u0164.<\/span><\/p>\n<p><span style=\"font-family: 'arial black', 'avant garde';\">SPONKY TYPU: A [4-8MM]\u00a0<\/span><\/p>\n","protected":false},"excerpt":{"rendered":"<p>Z\u00c1KLADN\u00c1 HOBBY SPONKOVA\u010cKA Z ABS PLASTU UR\u010cEN\u00c1 PRE PR\u00c1CU V DOME, ALEBO V Z\u00c1HRADE. JEDNODUCH\u00dd SYST\u00c9M PLNENIA UMO\u017d\u0147UJE R\u00ddCHLE NAB\u00cdJANIE SPONIEK CEZ SPODN\u00dd NAKLADAC\u00cd MECHANIZMUS S BEZPE\u010cNOSTN\u00ddM Z\u00c1MKOM. KOVOV\u00da RUKOV\u00c4\u0164 JE MO\u017dN\u00c9 PO DOKON\u010cEN\u00cd PR\u00c1C POMOCOU Z\u00c1PADKY \u013dAHKO ZAFIXOVA\u0164. SPONKY TYPU: A [4-8MM]\u00a0<\/p>\n","protected":false},"featured_media":491,"comment_status":"open","ping_status":"closed","template":"","meta":[],"product_cat":[27],"product_tag":[],"class_list":{"0":"post-120","1":"product","2":"type-product","3":"status-publish","4":"has-post-thumbnail","6":"product_cat-rucne-sponkovacky","8":"first","9":"instock","10":"taxable","11":"shipping-taxable","12":"purchasable","13":"product-type-simple"},"jetpack_sharing_enabled":true,"_links":{"self":[{"href":"https:\/\/www.aluri.sk\/index.php\/wp-json\/wp\/v2\/product\/120","targetHints":{"allow":["GET"]}}],"collection":[{"href":"https:\/\/www.aluri.sk\/index.php\/wp-json\/wp\/v2\/product"}],"about":[{"href":"https:\/\/www.aluri.sk\/index.php\/wp-json\/wp\/v2\/types\/product"}],"replies":[{"embeddable":true,"href":"https:\/\/www.aluri.sk\/index.php\/wp-json\/wp\/v2\/comments?post=120"}],"wp:featuredmedia":[{"embeddable":true,"href":"https:\/\/www.aluri.sk\/index.php\/wp-json\/wp\/v2\/media\/491"}],"wp:attachment":[{"href":"https:\/\/www.aluri.sk\/index.php\/wp-json\/wp\/v2\/media?parent=120"}],"wp:term":[{"taxonomy":"product_cat","embeddable":true,"href":"https:\/\/www.aluri.sk\/index.php\/wp-json\/wp\/v2\/product_cat?post=120"},{"taxonomy":"product_tag","embeddable":true,"href":"https:\/\/www.aluri.sk\/index.php\/wp-json\/wp\/v2\/product_tag?post=120"}],"curies":[{"name":"wp","href":"https:\/\/api.w.org\/{rel}","templated":true}]}}