{"id":1093,"date":"2024-01-04T09:12:49","date_gmt":"2024-01-04T08:12:49","guid":{"rendered":"https:\/\/www.aluri.sk\/?page_id=1093"},"modified":"2024-01-04T09:22:45","modified_gmt":"2024-01-04T08:22:45","slug":"kontakt","status":"publish","type":"page","link":"https:\/\/www.aluri.sk\/index.php\/kontakt\/","title":{"rendered":"KONTAKT"},"content":{"rendered":"\n<p>Email: obchod@aluri.sk <\/p>\n\n\n\n<p>tel.kontakt: +421 948 003 420<\/p>\n\n\n\n<p>Adresa: Vojt\u011b\u0161sk\u00e1 211\/6 Praha 11000<\/p>\n\n\n\n<p>I\u010c: 07670516 DI\u010c: CZ07670516 <\/p>\n\n\n\n<p><\/p>\n\n\n\n<p><\/p>\n","protected":false},"excerpt":{"rendered":"<p>Email: obchod@aluri.sk tel.kontakt: +421 948 003 420 Adresa: Vojt\u011b\u0161sk\u00e1 211\/6 Praha 11000 I\u010c: 07670516 DI\u010c: CZ07670516<\/p>\n","protected":false},"author":1,"featured_media":0,"parent":0,"menu_order":0,"comment_status":"closed","ping_status":"closed","template":"","meta":{"footnotes":""},"class_list":["post-1093","page","type-page","status-publish","hentry"],"jetpack_sharing_enabled":true,"_links":{"self":[{"href":"https:\/\/www.aluri.sk\/index.php\/wp-json\/wp\/v2\/pages\/1093","targetHints":{"allow":["GET"]}}],"collection":[{"href":"https:\/\/www.aluri.sk\/index.php\/wp-json\/wp\/v2\/pages"}],"about":[{"href":"https:\/\/www.aluri.sk\/index.php\/wp-json\/wp\/v2\/types\/page"}],"author":[{"embeddable":true,"href":"https:\/\/www.aluri.sk\/index.php\/wp-json\/wp\/v2\/users\/1"}],"replies":[{"embeddable":true,"href":"https:\/\/www.aluri.sk\/index.php\/wp-json\/wp\/v2\/comments?post=1093"}],"version-history":[{"count":2,"href":"https:\/\/www.aluri.sk\/index.php\/wp-json\/wp\/v2\/pages\/1093\/revisions"}],"predecessor-version":[{"id":1096,"href":"https:\/\/www.aluri.sk\/index.php\/wp-json\/wp\/v2\/pages\/1093\/revisions\/1096"}],"wp:attachment":[{"href":"https:\/\/www.aluri.sk\/index.php\/wp-json\/wp\/v2\/media?parent=1093"}],"curies":[{"name":"wp","href":"https:\/\/api.w.org\/{rel}","templated":true}]}}